{"id":852,"date":"2024-04-11T13:02:26","date_gmt":"2024-04-11T13:02:26","guid":{"rendered":"https:\/\/seoland.themeht.com\/?page_id=852"},"modified":"2025-09-14T20:31:02","modified_gmt":"2025-09-14T23:31:02","slug":"solucoes","status":"publish","type":"page","link":"https:\/\/www.nuvia.co.mz\/index.php\/solucoes\/","title":{"rendered":"Solu\u00e7\u00f5es"},"content":{"rendered":"\t\t<div data-elementor-type=\"wp-page\" data-elementor-id=\"852\" class=\"elementor elementor-852\" data-elementor-post-type=\"page\">\n\t\t\t\t\t\t<section class=\"elementor-section elementor-top-section elementor-element elementor-element-79acaa9 elementor-section-boxed elementor-section-height-default elementor-section-height-default\" data-id=\"79acaa9\" data-element_type=\"section\" data-e-type=\"section\">\n\t\t\t\t\t\t<div class=\"elementor-container elementor-column-gap-default\">\n\t\t\t\t\t<div class=\"elementor-column elementor-col-16 elementor-top-column elementor-element elementor-element-fdc15ef elementor-hidden-tablet elementor-hidden-mobile\" data-id=\"fdc15ef\" data-element_type=\"column\" data-e-type=\"column\">\n\t\t\t<div class=\"elementor-widget-wrap\">\n\t\t\t\t\t\t\t<\/div>\n\t\t<\/div>\n\t\t\t\t<div class=\"elementor-column elementor-col-66 elementor-top-column elementor-element elementor-element-daff28b\" data-id=\"daff28b\" data-element_type=\"column\" data-e-type=\"column\">\n\t\t\t<div class=\"elementor-widget-wrap elementor-element-populated\">\n\t\t\t\t\t\t<div class=\"elementor-element elementor-element-fc0ff5b elementor-widget elementor-widget-title\" data-id=\"fc0ff5b\" data-element_type=\"widget\" data-e-type=\"widget\" data-widget_type=\"title.default\">\n\t\t\t\t<div class=\"elementor-widget-container\">\n\t\t\t\t\t\r\n        <div class=\"theme-title  center\">\r\n                          <h6>Solu\u00e7\u00f5es<\/h6>\r\n\t\t\t \r\n          <h2> Solu\u00e7\u00f5es Inteligentes para Empresas Modernas<\/h2>\r\n           \r\n        <\/div>\r\n        \r\n\r\n\r\n        \t\t\t\t<\/div>\n\t\t\t\t<\/div>\n\t\t\t\t\t<\/div>\n\t\t<\/div>\n\t\t\t\t<div class=\"elementor-column elementor-col-16 elementor-top-column elementor-element elementor-element-9a46ed7 elementor-hidden-tablet elementor-hidden-mobile\" data-id=\"9a46ed7\" data-element_type=\"column\" data-e-type=\"column\">\n\t\t\t<div class=\"elementor-widget-wrap\">\n\t\t\t\t\t\t\t<\/div>\n\t\t<\/div>\n\t\t\t\t\t<\/div>\n\t\t<\/section>\n\t\t\t\t<section class=\"elementor-section elementor-top-section elementor-element elementor-element-c7cd6c3 elementor-section-boxed elementor-section-height-default elementor-section-height-default\" data-id=\"c7cd6c3\" data-element_type=\"section\" data-e-type=\"section\">\n\t\t\t\t\t\t<div class=\"elementor-container elementor-column-gap-default\">\n\t\t\t\t\t<div class=\"elementor-column elementor-col-100 elementor-top-column elementor-element elementor-element-8574580\" data-id=\"8574580\" data-element_type=\"column\" data-e-type=\"column\">\n\t\t\t<div class=\"elementor-widget-wrap elementor-element-populated\">\n\t\t\t\t\t\t<div class=\"elementor-element elementor-element-dd67553 elementor-widget elementor-widget-service-grid\" data-id=\"dd67553\" data-element_type=\"widget\" data-e-type=\"widget\" data-widget_type=\"service-grid.default\">\n\t\t\t\t<div class=\"elementor-widget-container\">\n\t\t\t\t\t\r\n        <div class=\"row\">\r\n\r\n                           <div class=\"col-lg-4 col-md-6\">\r\n                    \r\n                            <div class=\"service-item style-2\">\r\n                    <div class=\"service-icon\">\r\n                            <\/div>\r\n              <div class=\"service-desc\">\r\n                  <div class=\"service-title\">\r\n                  <h4><a href=\"https:\/\/www.nuvia.co.mz\/index.php\/service\/tecnologia-suporte\/\">Tecnologia &amp; Suporte<\/a><\/h4>\r\n                <\/div>\r\n                <p>Ofere\u00e7a atendimento profissional e suporte de excel\u00eancia aos seus clientes. NuHelpdesk O NuHelpdesk organiza tickets de suporte, SLAs e relat\u00f3rios de atendimento. Oferece chat integrado e hist\u00f3rico completo de intera\u00e7\u00f5es. Adquirir Solu\u00e7\u00e3o NuMail O NuMail oferece emails profissionais com dom\u00ednio personalizado. \u00c9 seguro, moderno e integrado com calend\u00e1rio e contactos. Adquirir Solu\u00e7\u00e3o NuWeb O NuWeb [&hellip;]<\/p>\n              <\/div>\r\n              <a class=\"arrow-btn\" href=\"https:\/\/www.nuvia.co.mz\/index.php\/service\/tecnologia-suporte\/\">\r\n                    <i class=\"bi bi-arrow-up-right\"><\/i>\r\n                  <\/a>\r\n            <\/div>\r\n                \r\n                        \r\n                          <\/div>\r\n                              <div class=\"col-lg-4 col-md-6\">\r\n                    \r\n                            <div class=\"service-item style-2\">\r\n                    <div class=\"service-icon\">\r\n                            <\/div>\r\n              <div class=\"service-desc\">\r\n                  <div class=\"service-title\">\r\n                  <h4><a href=\"https:\/\/www.nuvia.co.mz\/index.php\/service\/gestao-empresarial\/\">Gest\u00e3o Empresarial<\/a><\/h4>\r\n                <\/div>\r\n                <p>Ferramentas para centralizar e modernizar a administra\u00e7\u00e3o do seu neg\u00f3cio. NuERP O NuERP \u00e9 a solu\u00e7\u00e3o completa de gest\u00e3o empresarial em nuvem. Permite integrar setores como vendas, compras, estoque, contabilidade e RH num \u00fanico sistema. Adquirir Solu\u00e7\u00e3o NuCRM O NuCRM combina gest\u00e3o de clientes com gest\u00e3o de projetos. Oferece fatura\u00e7\u00e3o, propostas, cota\u00e7\u00e3o, despesas, contratos, metas, [&hellip;]<\/p>\n              <\/div>\r\n              <a class=\"arrow-btn\" href=\"https:\/\/www.nuvia.co.mz\/index.php\/service\/gestao-empresarial\/\">\r\n                    <i class=\"bi bi-arrow-up-right\"><\/i>\r\n                  <\/a>\r\n            <\/div>\r\n                \r\n                        \r\n                          <\/div>\r\n                              <div class=\"col-lg-4 col-md-6\">\r\n                    \r\n                            <div class=\"service-item style-2\">\r\n                    <div class=\"service-icon\">\r\n                            <\/div>\r\n              <div class=\"service-desc\">\r\n                  <div class=\"service-title\">\r\n                  <h4><a href=\"https:\/\/www.nuvia.co.mz\/index.php\/service\/servicos-operacoes\/\">Servi\u00e7os &amp; Opera\u00e7\u00f5es<\/a><\/h4>\r\n                <\/div>\r\n                <p>Solu\u00e7\u00f5es digitais que aumentam efici\u00eancia e reduzem falhas operacionais. NuClean O NuClean ajuda empresas de limpeza a organizarem seus contratos, escalas de trabalho e fatura\u00e7\u00e3o. O sistema automatiza rotinas e garante maior efici\u00eancia na gest\u00e3o das equipas e clientes. Adquirir Solu\u00e7\u00e3o NuLaundry Com o NuLaundry, lavandarias podem gerir pedidos, recolhas e entregas de forma totalmente [&hellip;]<\/p>\n              <\/div>\r\n              <a class=\"arrow-btn\" href=\"https:\/\/www.nuvia.co.mz\/index.php\/service\/servicos-operacoes\/\">\r\n                    <i class=\"bi bi-arrow-up-right\"><\/i>\r\n                  <\/a>\r\n            <\/div>\r\n                \r\n                        \r\n                          <\/div>\r\n                              <div class=\"col-lg-4 col-md-6\">\r\n                    \r\n                            <div class=\"service-item style-2\">\r\n                    <div class=\"service-icon\">\r\n                            <\/div>\r\n              <div class=\"service-desc\">\r\n                  <div class=\"service-title\">\r\n                  <h4><a href=\"https:\/\/www.nuvia.co.mz\/index.php\/service\/logistica-transportes\/\">Log\u00edstica &#038; Transportes<\/a><\/h4>\r\n                <\/div>\r\n                <p>Organize entregas, aluguer de viaturas e gest\u00e3o de frotas de forma simples, eficiente e em tempo real. NuCourier O NuCourier \u00e9 uma plataforma moderna para gest\u00e3o de entregas e servi\u00e7os de courier. Com ele, empresas conseguem rastrear encomendas em tempo real, organizar motoristas, otimizar rotas e oferecer uma experi\u00eancia superior aos clientes. A automatiza\u00e7\u00e3o reduz [&hellip;]<\/p>\n              <\/div>\r\n              <a class=\"arrow-btn\" href=\"https:\/\/www.nuvia.co.mz\/index.php\/service\/logistica-transportes\/\">\r\n                    <i class=\"bi bi-arrow-up-right\"><\/i>\r\n                  <\/a>\r\n            <\/div>\r\n                \r\n                        \r\n                          <\/div>\r\n                       <\/div>\r\n        \t\t\t\t<\/div>\n\t\t\t\t<\/div>\n\t\t\t\t\t<\/div>\n\t\t<\/div>\n\t\t\t\t\t<\/div>\n\t\t<\/section>\n\t\t\t\t<section class=\"elementor-section elementor-top-section elementor-element elementor-element-83536b1 elementor-section-boxed elementor-section-height-default elementor-section-height-default\" data-id=\"83536b1\" data-element_type=\"section\" data-e-type=\"section\">\n\t\t\t\t\t\t<div class=\"elementor-container elementor-column-gap-default\">\n\t\t\t\t\t<div class=\"elementor-column elementor-col-16 elementor-top-column elementor-element elementor-element-474aef0 elementor-hidden-tablet elementor-hidden-mobile\" data-id=\"474aef0\" data-element_type=\"column\" data-e-type=\"column\">\n\t\t\t<div class=\"elementor-widget-wrap\">\n\t\t\t\t\t\t\t<\/div>\n\t\t<\/div>\n\t\t\t\t<div class=\"elementor-column elementor-col-66 elementor-top-column elementor-element elementor-element-a3af5cc\" data-id=\"a3af5cc\" data-element_type=\"column\" data-e-type=\"column\">\n\t\t\t<div class=\"elementor-widget-wrap elementor-element-populated\">\n\t\t\t\t\t\t<div class=\"elementor-element elementor-element-359f91a elementor-widget elementor-widget-title\" data-id=\"359f91a\" data-element_type=\"widget\" data-e-type=\"widget\" data-widget_type=\"title.default\">\n\t\t\t\t<div class=\"elementor-widget-container\">\n\t\t\t\t\t\r\n        <div class=\"theme-title  center\">\r\n                          <h6>Testemunho<\/h6>\r\n\t\t\t \r\n          <h2> O que dizem os nossos clientes<\/h2>\r\n           \r\n        <\/div>\r\n        \r\n\r\n\r\n        \t\t\t\t<\/div>\n\t\t\t\t<\/div>\n\t\t\t\t\t<\/div>\n\t\t<\/div>\n\t\t\t\t<div class=\"elementor-column elementor-col-16 elementor-top-column elementor-element elementor-element-da07809 elementor-hidden-tablet elementor-hidden-mobile\" data-id=\"da07809\" data-element_type=\"column\" data-e-type=\"column\">\n\t\t\t<div class=\"elementor-widget-wrap\">\n\t\t\t\t\t\t\t<\/div>\n\t\t<\/div>\n\t\t\t\t\t<\/div>\n\t\t<\/section>\n\t\t\t\t<section class=\"elementor-section elementor-top-section elementor-element elementor-element-a459712 elementor-section-full_width elementor-section-stretched elementor-section-height-default elementor-section-height-default\" data-id=\"a459712\" data-element_type=\"section\" data-e-type=\"section\" data-settings=\"{&quot;stretch_section&quot;:&quot;section-stretched&quot;}\">\n\t\t\t\t\t\t<div class=\"elementor-container elementor-column-gap-default\">\n\t\t\t\t\t<div class=\"elementor-column elementor-col-100 elementor-top-column elementor-element elementor-element-9e3a8ba\" data-id=\"9e3a8ba\" data-element_type=\"column\" data-e-type=\"column\">\n\t\t\t<div class=\"elementor-widget-wrap elementor-element-populated\">\n\t\t\t\t\t\t<div class=\"elementor-element elementor-element-898be56 elementor-widget elementor-widget-testimonial-tab\" data-id=\"898be56\" data-element_type=\"widget\" data-e-type=\"widget\" data-widget_type=\"testimonial-tab.default\">\n\t\t\t\t<div class=\"elementor-widget-container\">\n\t\t\t\t\t\n            <div id=\"testimonial\" class=\"testimonial-carousel carousel slide testimonial z-index-1\" data-bs-ride=\"carousel\" data-bs-interval=\"4000\">\n\n              <div class=\"row justify-content-center text-center\">\n\n            <div class=\"col-md-7\">\n                <div class=\"testimonial-box \">\n\n                <div class=\"carousel-inner\">\n\n                    \n                    \n                        <div class=\"carousel-item active\">\n                  <div class=\"testimonial style-3\">\n                  <div class=\"testimonial-img\">\n                    <img decoding=\"async\" class=\"img-fluid\" src=\"https:\/\/seoland.themeht.com\/wp-content\/uploads\/2024\/04\/01-1.jpg\" alt=\"Image\">\n                  <\/div>\n                  <div class=\"testimonial-desc\">\n                    <p>O Nuvia CRM mudou a forma como gerimos os nossos clientes. Agora temos tudo centralizado e conseguimos acompanhar cada oportunidade em tempo real.<\/p>                    <div class=\"testimonial-caption\">\n                      <h5>Roxie Payne<\/h5>\n                      <label>Directora da PRINT IT<\/label>\n                    <\/div>\n                  <\/div>\n                <\/div>\n                        <\/div>\n\n                        \n                    \n                        <div class=\"carousel-item \">\n                  <div class=\"testimonial style-3\">\n                  <div class=\"testimonial-img\">\n                    <img decoding=\"async\" class=\"img-fluid\" src=\"https:\/\/seoland.themeht.com\/wp-content\/uploads\/2024\/04\/02-1.jpg\" alt=\"Image\">\n                  <\/div>\n                  <div class=\"testimonial-desc\">\n                    <p>Seoland Amazing Landing Page All-in-one, clean code, Crative &amp; Modern design Professional Recommended crofessional and great experience, Nam pulvinar vitae neque et porttitor, Praesent sed nisi eleifend, adipisicing elit.<\/p>                    <div class=\"testimonial-caption\">\n                      <h5>Roxie Payne<\/h5>\n                      <label>CEO of Seoland<\/label>\n                    <\/div>\n                  <\/div>\n                <\/div>\n                        <\/div>\n\n                        \n                    \n                        <div class=\"carousel-item \">\n                  <div class=\"testimonial style-3\">\n                  <div class=\"testimonial-img\">\n                    <img decoding=\"async\" class=\"img-fluid\" src=\"https:\/\/seoland.themeht.com\/wp-content\/uploads\/2024\/04\/03-1.jpg\" alt=\"Image\">\n                  <\/div>\n                  <div class=\"testimonial-desc\">\n                    <p>Seoland Amazing Landing Page All-in-one, clean code, Crative &amp; Modern design Professional Recommended crofessional and great experience, Nam pulvinar vitae neque et porttitor, Praesent sed nisi eleifend, adipisicing elit.<\/p>                    <div class=\"testimonial-caption\">\n                      <h5>Roxie Payne<\/h5>\n                      <label>CEO of Seoland<\/label>\n                    <\/div>\n                  <\/div>\n                <\/div>\n                        <\/div>\n\n                        \n                    \n                        <div class=\"carousel-item \">\n                  <div class=\"testimonial style-3\">\n                  <div class=\"testimonial-img\">\n                    <img decoding=\"async\" class=\"img-fluid\" src=\"https:\/\/seoland.themeht.com\/wp-content\/uploads\/2024\/04\/04.jpg\" alt=\"Image\">\n                  <\/div>\n                  <div class=\"testimonial-desc\">\n                    <p>Seoland Amazing Landing Page All-in-one, clean code, Crative &amp; Modern design Professional Recommended crofessional and great experience, Nam pulvinar vitae neque et porttitor, Praesent sed nisi eleifend, adipisicing elit.<\/p>                    <div class=\"testimonial-caption\">\n                      <h5>Roxie Payne<\/h5>\n                      <label>CEO of Seoland<\/label>\n                    <\/div>\n                  <\/div>\n                <\/div>\n                        <\/div>\n\n                        \n                    \n                        <div class=\"carousel-item \">\n                  <div class=\"testimonial style-3\">\n                  <div class=\"testimonial-img\">\n                    <img decoding=\"async\" class=\"img-fluid\" src=\"https:\/\/seoland.themeht.com\/wp-content\/uploads\/2024\/04\/05.jpg\" alt=\"Image\">\n                  <\/div>\n                  <div class=\"testimonial-desc\">\n                    <p>Seoland Amazing Landing Page All-in-one, clean code, Crative &amp; Modern design Professional Recommended crofessional and great experience, Nam pulvinar vitae neque et porttitor, Praesent sed nisi eleifend, adipisicing elit.<\/p>                    <div class=\"testimonial-caption\">\n                      <h5>Roxie Payne<\/h5>\n                      <label>CEO of Seoland<\/label>\n                    <\/div>\n                  <\/div>\n                <\/div>\n                        <\/div>\n\n                        \n                    \n                        <div class=\"carousel-item \">\n                  <div class=\"testimonial style-3\">\n                  <div class=\"testimonial-img\">\n                    <img decoding=\"async\" class=\"img-fluid\" src=\"https:\/\/seoland.themeht.com\/wp-content\/uploads\/2024\/04\/01-1.jpg\" alt=\"Image\">\n                  <\/div>\n                  <div class=\"testimonial-desc\">\n                    <p>Seoland Amazing Landing Page All-in-one, clean code, Crative &amp; Modern design Professional Recommended crofessional and great experience, Nam pulvinar vitae neque et porttitor, Praesent sed nisi eleifend, adipisicing elit.<\/p>                    <div class=\"testimonial-caption\">\n                      <h5>Roxie Payne<\/h5>\n                      <label>CEO of Seoland<\/label>\n                    <\/div>\n                  <\/div>\n                <\/div>\n                        <\/div>\n\n                        \n                    \n                        <div class=\"carousel-item \">\n                  <div class=\"testimonial style-3\">\n                  <div class=\"testimonial-img\">\n                    <img decoding=\"async\" class=\"img-fluid\" src=\"https:\/\/seoland.themeht.com\/wp-content\/uploads\/2024\/04\/06.jpg\" alt=\"Image\">\n                  <\/div>\n                  <div class=\"testimonial-desc\">\n                    <p>Seoland Amazing Landing Page All-in-one, clean code, Crative &amp; Modern design Professional Recommended crofessional and great experience, Nam pulvinar vitae neque et porttitor, Praesent sed nisi eleifend, adipisicing elit.<\/p>                    <div class=\"testimonial-caption\">\n                      <h5>Roxie Payne<\/h5>\n                      <label>CEO of Seoland<\/label>\n                    <\/div>\n                  <\/div>\n                <\/div>\n                        <\/div>\n\n                        \n                    \n                        <div class=\"carousel-item \">\n                  <div class=\"testimonial style-3\">\n                  <div class=\"testimonial-img\">\n                    <img decoding=\"async\" class=\"img-fluid\" src=\"https:\/\/seoland.themeht.com\/wp-content\/uploads\/2024\/04\/07.jpg\" alt=\"Image\">\n                  <\/div>\n                  <div class=\"testimonial-desc\">\n                    <p>Seoland Amazing Landing Page All-in-one, clean code, Crative &amp; Modern design Professional Recommended crofessional and great experience, Nam pulvinar vitae neque et porttitor, Praesent sed nisi eleifend, adipisicing elit.<\/p>                    <div class=\"testimonial-caption\">\n                      <h5>Roxie Payne<\/h5>\n                      <label>CEO of Seoland<\/label>\n                    <\/div>\n                  <\/div>\n                <\/div>\n                        <\/div>\n\n                        \n                    \n                <\/div>\n                <\/div>\n\n              <\/div>\n\n            <\/div>\n\n            <div class=\"controls\">\n\n            <ul class=\"nav justify-content-center ms-0\">\n\n              \n                    \n              <li data-bs-target=\"#testimonial\" data-bs-slide-to=\"0\">\n\n                  <img decoding=\"async\" class=\"img-fluid\" src=\"https:\/\/seoland.themeht.com\/wp-content\/uploads\/2024\/04\/01-1.jpg\" alt=\"\">\n\n              <\/li>\n\n              \n                    \n              <li data-bs-target=\"#testimonial\" data-bs-slide-to=\"1\">\n\n                  <img decoding=\"async\" class=\"img-fluid\" src=\"https:\/\/seoland.themeht.com\/wp-content\/uploads\/2024\/04\/02-1.jpg\" alt=\"\">\n\n              <\/li>\n\n              \n                    \n              <li data-bs-target=\"#testimonial\" data-bs-slide-to=\"2\">\n\n                  <img decoding=\"async\" class=\"img-fluid\" src=\"https:\/\/seoland.themeht.com\/wp-content\/uploads\/2024\/04\/03-1.jpg\" alt=\"\">\n\n              <\/li>\n\n              \n                    \n              <li data-bs-target=\"#testimonial\" data-bs-slide-to=\"3\">\n\n                  <img decoding=\"async\" class=\"img-fluid\" src=\"https:\/\/seoland.themeht.com\/wp-content\/uploads\/2024\/04\/04.jpg\" alt=\"\">\n\n              <\/li>\n\n              \n                    \n              <li data-bs-target=\"#testimonial\" data-bs-slide-to=\"4\">\n\n                  <img decoding=\"async\" class=\"img-fluid\" src=\"https:\/\/seoland.themeht.com\/wp-content\/uploads\/2024\/04\/05.jpg\" alt=\"\">\n\n              <\/li>\n\n              \n                    \n              <li data-bs-target=\"#testimonial\" data-bs-slide-to=\"5\">\n\n                  <img decoding=\"async\" class=\"img-fluid\" src=\"https:\/\/seoland.themeht.com\/wp-content\/uploads\/2024\/04\/01-1.jpg\" alt=\"\">\n\n              <\/li>\n\n              \n                    \n              <li data-bs-target=\"#testimonial\" data-bs-slide-to=\"6\">\n\n                  <img decoding=\"async\" class=\"img-fluid\" src=\"https:\/\/seoland.themeht.com\/wp-content\/uploads\/2024\/04\/06.jpg\" alt=\"\">\n\n              <\/li>\n\n              \n                    \n              <li data-bs-target=\"#testimonial\" data-bs-slide-to=\"7\">\n\n                  <img decoding=\"async\" class=\"img-fluid\" src=\"https:\/\/seoland.themeht.com\/wp-content\/uploads\/2024\/04\/07.jpg\" alt=\"\">\n\n              <\/li>\n\n              \n                    \n            <\/ul>\n\n          <\/div>\n\n\n\n            <\/div>\n\n            \t\t\t\t<\/div>\n\t\t\t\t<\/div>\n\t\t\t\t\t<\/div>\n\t\t<\/div>\n\t\t\t\t\t<\/div>\n\t\t<\/section>\n\t\t\t\t<\/div>\n\t\t","protected":false},"excerpt":{"rendered":"<p>Solu\u00e7\u00f5es Solu\u00e7\u00f5es Inteligentes para Empresas Modernas Log\u00edstica &#038; Transportes Organize entregas, aluguer de viaturas e gest\u00e3o de frotas de forma simples, eficiente e em tempo real. NuCourier O NuCourier \u00e9 uma plataforma moderna para gest\u00e3o de entregas e servi\u00e7os de courier. Com ele, empresas conseguem rastrear encomendas em tempo real, organizar motoristas, otimizar rotas e [&hellip;]<\/p>\n","protected":false},"author":1,"featured_media":0,"parent":0,"menu_order":0,"comment_status":"closed","ping_status":"closed","template":"","meta":{"_acf_changed":false,"_joinchat":[],"footnotes":""},"class_list":["post-852","page","type-page","status-publish","hentry"],"acf":[],"_links":{"self":[{"href":"https:\/\/www.nuvia.co.mz\/index.php\/wp-json\/wp\/v2\/pages\/852","targetHints":{"allow":["GET"]}}],"collection":[{"href":"https:\/\/www.nuvia.co.mz\/index.php\/wp-json\/wp\/v2\/pages"}],"about":[{"href":"https:\/\/www.nuvia.co.mz\/index.php\/wp-json\/wp\/v2\/types\/page"}],"author":[{"embeddable":true,"href":"https:\/\/www.nuvia.co.mz\/index.php\/wp-json\/wp\/v2\/users\/1"}],"replies":[{"embeddable":true,"href":"https:\/\/www.nuvia.co.mz\/index.php\/wp-json\/wp\/v2\/comments?post=852"}],"version-history":[{"count":20,"href":"https:\/\/www.nuvia.co.mz\/index.php\/wp-json\/wp\/v2\/pages\/852\/revisions"}],"predecessor-version":[{"id":1593,"href":"https:\/\/www.nuvia.co.mz\/index.php\/wp-json\/wp\/v2\/pages\/852\/revisions\/1593"}],"wp:attachment":[{"href":"https:\/\/www.nuvia.co.mz\/index.php\/wp-json\/wp\/v2\/media?parent=852"}],"curies":[{"name":"wp","href":"https:\/\/api.w.org\/{rel}","templated":true}]}}