{"id":838,"date":"2024-04-11T11:44:00","date_gmt":"2024-04-11T11:44:00","guid":{"rendered":"https:\/\/seoland.themeht.com\/?page_id=838"},"modified":"2025-09-18T04:02:38","modified_gmt":"2025-09-18T07:02:38","slug":"faq","status":"publish","type":"page","link":"https:\/\/www.nuvia.co.mz\/index.php\/faq\/","title":{"rendered":"Faq"},"content":{"rendered":"\t\t<div data-elementor-type=\"wp-page\" data-elementor-id=\"838\" class=\"elementor elementor-838\" data-elementor-post-type=\"page\">\n\t\t\t\t\t\t<section class=\"elementor-section elementor-top-section elementor-element elementor-element-544e784 elementor-section-content-middle elementor-section-boxed elementor-section-height-default elementor-section-height-default\" data-id=\"544e784\" data-element_type=\"section\" data-e-type=\"section\">\n\t\t\t\t\t\t<div class=\"elementor-container elementor-column-gap-default\">\n\t\t\t\t\t<div class=\"elementor-column elementor-col-50 elementor-top-column elementor-element elementor-element-fbb46a9\" data-id=\"fbb46a9\" data-element_type=\"column\" data-e-type=\"column\">\n\t\t\t<div class=\"elementor-widget-wrap elementor-element-populated\">\n\t\t\t\t\t\t<div class=\"elementor-element elementor-element-d866cf0 elementor-widget elementor-widget-title\" data-id=\"d866cf0\" data-element_type=\"widget\" data-e-type=\"widget\" data-widget_type=\"title.default\">\n\t\t\t\t<div class=\"elementor-widget-container\">\n\t\t\t\t\t\r\n        <div class=\"theme-title  \">\r\n                          <h6>F.a.q.<\/h6>\r\n\t\t\t \r\n          <h2> Perguntas Frequentes<\/h2>\r\n           \r\n        <\/div>\r\n        \r\n\r\n\r\n        \t\t\t\t<\/div>\n\t\t\t\t<\/div>\n\t\t\t\t<div class=\"elementor-element elementor-element-2620b75 elementor-widget elementor-widget-image\" data-id=\"2620b75\" data-element_type=\"widget\" data-e-type=\"widget\" data-widget_type=\"image.default\">\n\t\t\t\t\t\t\t\t\t\t\t\t\t\t\t<img fetchpriority=\"high\" decoding=\"async\" width=\"600\" height=\"466\" src=\"https:\/\/www.nuvia.co.mz\/wp-content\/uploads\/2024\/04\/04-2.png\" class=\"attachment-large size-large wp-image-130\" alt=\"\" srcset=\"https:\/\/www.nuvia.co.mz\/wp-content\/uploads\/2024\/04\/04-2.png 600w, https:\/\/www.nuvia.co.mz\/wp-content\/uploads\/2024\/04\/04-2-300x233.png 300w\" sizes=\"(max-width: 600px) 100vw, 600px\" \/>\t\t\t\t\t\t\t\t\t\t\t\t\t\t\t<\/div>\n\t\t\t\t\t<\/div>\n\t\t<\/div>\n\t\t\t\t<div class=\"elementor-column elementor-col-50 elementor-top-column elementor-element elementor-element-084c527\" data-id=\"084c527\" data-element_type=\"column\" data-e-type=\"column\">\n\t\t\t<div class=\"elementor-widget-wrap elementor-element-populated\">\n\t\t\t\t\t\t<div class=\"elementor-element elementor-element-6b77cb7 elementor-widget elementor-widget-accordion\" data-id=\"6b77cb7\" data-element_type=\"widget\" data-e-type=\"widget\" data-widget_type=\"accordion.default\">\n\t\t\t\t\t\t\t<div class=\"elementor-accordion\">\n\t\t\t\t\t\t\t<div class=\"elementor-accordion-item\">\n\t\t\t\t\t<div id=\"elementor-tab-title-1121\" class=\"elementor-tab-title\" data-tab=\"1\" role=\"button\" aria-controls=\"elementor-tab-content-1121\" aria-expanded=\"false\">\n\t\t\t\t\t\t\t\t\t\t\t\t\t<span class=\"elementor-accordion-icon elementor-accordion-icon-right\" aria-hidden=\"true\">\n\t\t\t\t\t\t\t\t\t\t\t\t\t\t\t<span class=\"elementor-accordion-icon-closed\"><i class=\"bi bi-plus-lg\"><\/i><\/span>\n\t\t\t\t\t\t\t\t<span class=\"elementor-accordion-icon-opened\"><i class=\"bi bi-dash-lg\"><\/i><\/span>\n\t\t\t\t\t\t\t\t\t\t\t\t\t\t<\/span>\n\t\t\t\t\t\t\t\t\t\t\t\t<a class=\"elementor-accordion-title\" tabindex=\"0\">O que \u00e9 a Nuvia?<\/a>\n\t\t\t\t\t<\/div>\n\t\t\t\t\t<div id=\"elementor-tab-content-1121\" class=\"elementor-tab-content elementor-clearfix\" data-tab=\"1\" role=\"region\" aria-labelledby=\"elementor-tab-title-1121\"><p>A Nuvia \u00e9 um hub de solu\u00e7\u00f5es SaaS (Software as a Service) que disponibiliza softwares de gest\u00e3o empresarial na nuvem, acess\u00edveis em qualquer lugar, a partir de qualquer dispositivo.<\/p><\/div>\n\t\t\t\t<\/div>\n\t\t\t\t\t\t\t<div class=\"elementor-accordion-item\">\n\t\t\t\t\t<div id=\"elementor-tab-title-1122\" class=\"elementor-tab-title\" data-tab=\"2\" role=\"button\" aria-controls=\"elementor-tab-content-1122\" aria-expanded=\"false\">\n\t\t\t\t\t\t\t\t\t\t\t\t\t<span class=\"elementor-accordion-icon elementor-accordion-icon-right\" aria-hidden=\"true\">\n\t\t\t\t\t\t\t\t\t\t\t\t\t\t\t<span class=\"elementor-accordion-icon-closed\"><i class=\"bi bi-plus-lg\"><\/i><\/span>\n\t\t\t\t\t\t\t\t<span class=\"elementor-accordion-icon-opened\"><i class=\"bi bi-dash-lg\"><\/i><\/span>\n\t\t\t\t\t\t\t\t\t\t\t\t\t\t<\/span>\n\t\t\t\t\t\t\t\t\t\t\t\t<a class=\"elementor-accordion-title\" tabindex=\"0\">Preciso instalar os sistemas no meu computador?<\/a>\n\t\t\t\t\t<\/div>\n\t\t\t\t\t<div id=\"elementor-tab-content-1122\" class=\"elementor-tab-content elementor-clearfix\" data-tab=\"2\" role=\"region\" aria-labelledby=\"elementor-tab-title-1122\"><p>N\u00e3o. Todas as solu\u00e7\u00f5es da Nuvia funcionam <strong data-start=\"565\" data-end=\"582\">100% na nuvem<\/strong>, sem necessidade de instala\u00e7\u00e3o. Basta ter internet para aceder ao painel.<\/p><\/div>\n\t\t\t\t<\/div>\n\t\t\t\t\t\t\t<div class=\"elementor-accordion-item\">\n\t\t\t\t\t<div id=\"elementor-tab-title-1123\" class=\"elementor-tab-title\" data-tab=\"3\" role=\"button\" aria-controls=\"elementor-tab-content-1123\" aria-expanded=\"false\">\n\t\t\t\t\t\t\t\t\t\t\t\t\t<span class=\"elementor-accordion-icon elementor-accordion-icon-right\" aria-hidden=\"true\">\n\t\t\t\t\t\t\t\t\t\t\t\t\t\t\t<span class=\"elementor-accordion-icon-closed\"><i class=\"bi bi-plus-lg\"><\/i><\/span>\n\t\t\t\t\t\t\t\t<span class=\"elementor-accordion-icon-opened\"><i class=\"bi bi-dash-lg\"><\/i><\/span>\n\t\t\t\t\t\t\t\t\t\t\t\t\t\t<\/span>\n\t\t\t\t\t\t\t\t\t\t\t\t<a class=\"elementor-accordion-title\" tabindex=\"0\">Quais s\u00e3o as principais solu\u00e7\u00f5es oferecidas?<\/a>\n\t\t\t\t\t<\/div>\n\t\t\t\t\t<div id=\"elementor-tab-content-1123\" class=\"elementor-tab-content elementor-clearfix\" data-tab=\"3\" role=\"region\" aria-labelledby=\"elementor-tab-title-1123\"><p data-start=\"627\" data-end=\"654\">Oferecemos solu\u00e7\u00f5es para:<\/p><ul data-start=\"655\" data-end=\"1042\"><li data-start=\"655\" data-end=\"732\"><p data-start=\"657\" data-end=\"732\"><strong data-start=\"657\" data-end=\"684\">Log\u00edstica &amp; Transportes<\/strong> (entregas, frotas, viaturas, estacionamentos)<\/p><\/li><li data-start=\"733\" data-end=\"815\"><p data-start=\"735\" data-end=\"815\"><strong data-start=\"735\" data-end=\"759\">Servi\u00e7os &amp; Opera\u00e7\u00f5es<\/strong> (limpeza, seguran\u00e7a, lavandarias, gin\u00e1sios, oficinas)<\/p><\/li><li data-start=\"816\" data-end=\"884\"><p data-start=\"818\" data-end=\"884\"><strong data-start=\"818\" data-end=\"840\">Gest\u00e3o Empresarial<\/strong> (ERP, CRM, RH, contabilidade, documentos)<\/p><\/li><li data-start=\"885\" data-end=\"960\"><p data-start=\"887\" data-end=\"960\"><strong data-start=\"887\" data-end=\"911\">Financeiro &amp; Cr\u00e9dito<\/strong> (microcr\u00e9dito, fatura\u00e7\u00e3o digital, empr\u00e9stimos)<\/p><\/li><li data-start=\"961\" data-end=\"1042\"><p data-start=\"963\" data-end=\"1042\"><strong data-start=\"963\" data-end=\"987\">Tecnologia &amp; Suporte<\/strong> (helpdesk, webmail, websites, emails personalizados)<\/p><\/li><\/ul><\/div>\n\t\t\t\t<\/div>\n\t\t\t\t\t\t\t<div class=\"elementor-accordion-item\">\n\t\t\t\t\t<div id=\"elementor-tab-title-1124\" class=\"elementor-tab-title\" data-tab=\"4\" role=\"button\" aria-controls=\"elementor-tab-content-1124\" aria-expanded=\"false\">\n\t\t\t\t\t\t\t\t\t\t\t\t\t<span class=\"elementor-accordion-icon elementor-accordion-icon-right\" aria-hidden=\"true\">\n\t\t\t\t\t\t\t\t\t\t\t\t\t\t\t<span class=\"elementor-accordion-icon-closed\"><i class=\"bi bi-plus-lg\"><\/i><\/span>\n\t\t\t\t\t\t\t\t<span class=\"elementor-accordion-icon-opened\"><i class=\"bi bi-dash-lg\"><\/i><\/span>\n\t\t\t\t\t\t\t\t\t\t\t\t\t\t<\/span>\n\t\t\t\t\t\t\t\t\t\t\t\t<a class=\"elementor-accordion-title\" tabindex=\"0\">Como funciona o modelo de licenciamento?<\/a>\n\t\t\t\t\t<\/div>\n\t\t\t\t\t<div id=\"elementor-tab-content-1124\" class=\"elementor-tab-content elementor-clearfix\" data-tab=\"4\" role=\"region\" aria-labelledby=\"elementor-tab-title-1124\"><p>A Nuvia oferece pacotes mensais e anuais, adaptados \u00e0s necessidades de cada neg\u00f3cio. Assim, pode escolher a periodicidade que melhor se ajusta \u00e0 sua empresa e ao seu or\u00e7amento.<\/p><\/div>\n\t\t\t\t<\/div>\n\t\t\t\t\t\t\t<div class=\"elementor-accordion-item\">\n\t\t\t\t\t<div id=\"elementor-tab-title-1125\" class=\"elementor-tab-title\" data-tab=\"5\" role=\"button\" aria-controls=\"elementor-tab-content-1125\" aria-expanded=\"false\">\n\t\t\t\t\t\t\t\t\t\t\t\t\t<span class=\"elementor-accordion-icon elementor-accordion-icon-right\" aria-hidden=\"true\">\n\t\t\t\t\t\t\t\t\t\t\t\t\t\t\t<span class=\"elementor-accordion-icon-closed\"><i class=\"bi bi-plus-lg\"><\/i><\/span>\n\t\t\t\t\t\t\t\t<span class=\"elementor-accordion-icon-opened\"><i class=\"bi bi-dash-lg\"><\/i><\/span>\n\t\t\t\t\t\t\t\t\t\t\t\t\t\t<\/span>\n\t\t\t\t\t\t\t\t\t\t\t\t<a class=\"elementor-accordion-title\" tabindex=\"0\">Posso personalizar o sistema de acordo com a minha empresa?<\/a>\n\t\t\t\t\t<\/div>\n\t\t\t\t\t<div id=\"elementor-tab-content-1125\" class=\"elementor-tab-content elementor-clearfix\" data-tab=\"5\" role=\"region\" aria-labelledby=\"elementor-tab-title-1125\"><p>Sim. Cada solu\u00e7\u00e3o \u00e9 flex\u00edvel e pode ser configurada com m\u00f3dulos adicionais ou integra\u00e7\u00f5es de acordo com as opera\u00e7\u00f5es da sua empresa.<\/p><\/div>\n\t\t\t\t<\/div>\n\t\t\t\t\t\t\t<div class=\"elementor-accordion-item\">\n\t\t\t\t\t<div id=\"elementor-tab-title-1126\" class=\"elementor-tab-title\" data-tab=\"6\" role=\"button\" aria-controls=\"elementor-tab-content-1126\" aria-expanded=\"false\">\n\t\t\t\t\t\t\t\t\t\t\t\t\t<span class=\"elementor-accordion-icon elementor-accordion-icon-right\" aria-hidden=\"true\">\n\t\t\t\t\t\t\t\t\t\t\t\t\t\t\t<span class=\"elementor-accordion-icon-closed\"><i class=\"bi bi-plus-lg\"><\/i><\/span>\n\t\t\t\t\t\t\t\t<span class=\"elementor-accordion-icon-opened\"><i class=\"bi bi-dash-lg\"><\/i><\/span>\n\t\t\t\t\t\t\t\t\t\t\t\t\t\t<\/span>\n\t\t\t\t\t\t\t\t\t\t\t\t<a class=\"elementor-accordion-title\" tabindex=\"0\">Quais os benef\u00edcios de usar a Nuvia?<\/a>\n\t\t\t\t\t<\/div>\n\t\t\t\t\t<div id=\"elementor-tab-content-1126\" class=\"elementor-tab-content elementor-clearfix\" data-tab=\"6\" role=\"region\" aria-labelledby=\"elementor-tab-title-1126\"><ul data-start=\"1544\" data-end=\"1717\"><li data-start=\"1544\" data-end=\"1575\"><p data-start=\"1546\" data-end=\"1575\">Gest\u00e3o digital centralizada<\/p><\/li><li data-start=\"1576\" data-end=\"1610\"><p data-start=\"1578\" data-end=\"1610\">Redu\u00e7\u00e3o de custos operacionais<\/p><\/li><li data-start=\"1611\" data-end=\"1644\"><p data-start=\"1613\" data-end=\"1644\">Maior produtividade da equipa<\/p><\/li><li data-start=\"1645\" data-end=\"1677\"><p data-start=\"1647\" data-end=\"1677\">Seguran\u00e7a e backups na nuvem<\/p><\/li><li data-start=\"1678\" data-end=\"1717\"><p data-start=\"1680\" data-end=\"1717\">Relat\u00f3rios e m\u00e9tricas em tempo real<\/p><\/li><\/ul><\/div>\n\t\t\t\t<\/div>\n\t\t\t\t\t\t\t<div class=\"elementor-accordion-item\">\n\t\t\t\t\t<div id=\"elementor-tab-title-1127\" class=\"elementor-tab-title\" data-tab=\"7\" role=\"button\" aria-controls=\"elementor-tab-content-1127\" aria-expanded=\"false\">\n\t\t\t\t\t\t\t\t\t\t\t\t\t<span class=\"elementor-accordion-icon elementor-accordion-icon-right\" aria-hidden=\"true\">\n\t\t\t\t\t\t\t\t\t\t\t\t\t\t\t<span class=\"elementor-accordion-icon-closed\"><i class=\"bi bi-plus-lg\"><\/i><\/span>\n\t\t\t\t\t\t\t\t<span class=\"elementor-accordion-icon-opened\"><i class=\"bi bi-dash-lg\"><\/i><\/span>\n\t\t\t\t\t\t\t\t\t\t\t\t\t\t<\/span>\n\t\t\t\t\t\t\t\t\t\t\t\t<a class=\"elementor-accordion-title\" tabindex=\"0\">Como entro em contacto para mais informa\u00e7\u00f5es?<\/a>\n\t\t\t\t\t<\/div>\n\t\t\t\t\t<div id=\"elementor-tab-content-1127\" class=\"elementor-tab-content elementor-clearfix\" data-tab=\"7\" role=\"region\" aria-labelledby=\"elementor-tab-title-1127\"><p>Pode entrar em contacto direto pelo nosso <strong>WhatsApp<\/strong> clicando nos bot\u00f5es <strong data-start=\"1850\" data-end=\"1870\">Adquirir Solu\u00e7\u00e3o<\/strong> em cada p\u00e1gina ou pelo email <strong>comercial<a class=\"decorated-link cursor-pointer\" rel=\"noopener\" data-start=\"1902\" data-end=\"1918\">@nuvia.co.mz<\/a><\/strong>.<\/p><\/div>\n\t\t\t\t<\/div>\n\t\t\t\t\t\t\t\t<\/div>\n\t\t\t\t\t\t<\/div>\n\t\t\t\t\t<\/div>\n\t\t<\/div>\n\t\t\t\t\t<\/div>\n\t\t<\/section>\n\t\t\t\t<\/div>\n\t\t","protected":false},"excerpt":{"rendered":"<p>F.a.q. Perguntas Frequentes O que \u00e9 a Nuvia? A Nuvia \u00e9 um hub de solu\u00e7\u00f5es SaaS (Software as a Service) que disponibiliza softwares de gest\u00e3o empresarial na nuvem, acess\u00edveis em qualquer lugar, a partir de qualquer dispositivo. Preciso instalar os sistemas no meu computador? N\u00e3o. Todas as solu\u00e7\u00f5es da Nuvia funcionam 100% na nuvem, sem [&hellip;]<\/p>\n","protected":false},"author":1,"featured_media":0,"parent":0,"menu_order":0,"comment_status":"closed","ping_status":"closed","template":"","meta":{"_acf_changed":false,"_joinchat":[],"footnotes":""},"class_list":["post-838","page","type-page","status-publish","hentry"],"acf":[],"_links":{"self":[{"href":"https:\/\/www.nuvia.co.mz\/index.php\/wp-json\/wp\/v2\/pages\/838","targetHints":{"allow":["GET"]}}],"collection":[{"href":"https:\/\/www.nuvia.co.mz\/index.php\/wp-json\/wp\/v2\/pages"}],"about":[{"href":"https:\/\/www.nuvia.co.mz\/index.php\/wp-json\/wp\/v2\/types\/page"}],"author":[{"embeddable":true,"href":"https:\/\/www.nuvia.co.mz\/index.php\/wp-json\/wp\/v2\/users\/1"}],"replies":[{"embeddable":true,"href":"https:\/\/www.nuvia.co.mz\/index.php\/wp-json\/wp\/v2\/comments?post=838"}],"version-history":[{"count":4,"href":"https:\/\/www.nuvia.co.mz\/index.php\/wp-json\/wp\/v2\/pages\/838\/revisions"}],"predecessor-version":[{"id":1624,"href":"https:\/\/www.nuvia.co.mz\/index.php\/wp-json\/wp\/v2\/pages\/838\/revisions\/1624"}],"wp:attachment":[{"href":"https:\/\/www.nuvia.co.mz\/index.php\/wp-json\/wp\/v2\/media?parent=838"}],"curies":[{"name":"wp","href":"https:\/\/api.w.org\/{rel}","templated":true}]}}